{"id":436,"date":"2024-05-21T02:29:26","date_gmt":"2024-05-21T02:29:26","guid":{"rendered":"https:\/\/vickyramosortiz.com\/?page_id=436"},"modified":"2024-05-21T02:51:37","modified_gmt":"2024-05-21T02:51:37","slug":"pagina-nueva","status":"publish","type":"page","link":"https:\/\/vickyramosortiz.com\/?page_id=436","title":{"rendered":"AUTOMAQUILLAJE"},"content":{"rendered":"\t\t<div data-elementor-type=\"wp-page\" data-elementor-id=\"436\" class=\"elementor elementor-436\" data-elementor-post-type=\"page\">\n\t\t\t\t\t\t<section class=\"elementor-section elementor-top-section elementor-element elementor-element-b61e331 elementor-section-boxed elementor-section-height-default elementor-section-height-default\" data-id=\"b61e331\" data-element_type=\"section\" data-e-type=\"section\">\n\t\t\t\t\t\t<div class=\"elementor-container elementor-column-gap-default\">\n\t\t\t\t\t<div class=\"elementor-column elementor-col-100 elementor-top-column elementor-element elementor-element-bd820f9\" data-id=\"bd820f9\" data-element_type=\"column\" data-e-type=\"column\">\n\t\t\t<div class=\"elementor-widget-wrap elementor-element-populated\">\n\t\t\t\t\t\t<div class=\"elementor-element elementor-element-ca40632 elementor-widget elementor-widget-image\" data-id=\"ca40632\" data-element_type=\"widget\" data-e-type=\"widget\" data-widget_type=\"image.default\">\n\t\t\t\t<div class=\"elementor-widget-container\">\n\t\t\t\t\t\t\t\t\t\t\t\t\t\t\t<img fetchpriority=\"high\" decoding=\"async\" width=\"1024\" height=\"683\" src=\"https:\/\/vickyramosortiz.com\/wp-content\/uploads\/2024\/05\/MG_7669-1024x683.jpg\" class=\"attachment-large size-large wp-image-445\" alt=\"vicky ramos ortiz\" srcset=\"https:\/\/vickyramosortiz.com\/wp-content\/uploads\/2024\/05\/MG_7669-1024x683.jpg 1024w, https:\/\/vickyramosortiz.com\/wp-content\/uploads\/2024\/05\/MG_7669-300x200.jpg 300w, https:\/\/vickyramosortiz.com\/wp-content\/uploads\/2024\/05\/MG_7669-768x512.jpg 768w, https:\/\/vickyramosortiz.com\/wp-content\/uploads\/2024\/05\/MG_7669-1536x1024.jpg 1536w, https:\/\/vickyramosortiz.com\/wp-content\/uploads\/2024\/05\/MG_7669-2048x1365.jpg 2048w\" sizes=\"(max-width: 1024px) 100vw, 1024px\" \/>\t\t\t\t\t\t\t\t\t\t\t\t\t\t\t<\/div>\n\t\t\t\t<\/div>\n\t\t\t\t<div class=\"elementor-element elementor-element-f79e918 elementor-widget elementor-widget-heading\" data-id=\"f79e918\" data-element_type=\"widget\" data-e-type=\"widget\" data-widget_type=\"heading.default\">\n\t\t\t\t<div class=\"elementor-widget-container\">\n\t\t\t\t\t<h2 class=\"elementor-heading-title elementor-size-default\">Taller de Automaquillaje<\/h2>\t\t\t\t<\/div>\n\t\t\t\t<\/div>\n\t\t\t\t<div class=\"elementor-element elementor-element-81c9703 elementor-widget elementor-widget-text-editor\" data-id=\"81c9703\" data-element_type=\"widget\" data-e-type=\"widget\" data-widget_type=\"text-editor.default\">\n\t\t\t\t<div class=\"elementor-widget-container\">\n\t\t\t\t\t\t\t\t\t<p>Nuestros talleres de automaquillaje son jornadas especiales entre mujeres, donde compartimos conocimientos de cuidados de la piel y automaquillaje para principiantes, buenas vibras y una merienda deliciosa.<\/p>\n<p>Esta actividad est\u00e1 pensada para que las asistentes aprendan a identificar los productos indicados para su tipo de piel, y as\u00ed lograr un maquillaje r\u00e1pido, f\u00e1cil e ideal para cada una.&nbsp;<\/p><p>Si bien los materiales est\u00e1n incluidos, les proponemos llevar los suyos propios, para ayudarlas a usarlos correctamente, y saber que les estar\u00eda faltando para completar su kit b\u00e1sico.<\/p>\n<p>\u00a1Las asistentes se llevan los mejores tips de maquillaje, obsequios de los auspiciantes, y la mejor experiencia!<\/p>\n<table style=\"border-collapse: collapse; width: 247pt;\" border=\"0\" width=\"328\" cellspacing=\"0\" cellpadding=\"0\">\n<tbody>\n<tr style=\"height: 15pt;\">\n<td style=\"height: 15pt; width: 92pt;\" width=\"122\" height=\"20\">DURACI\u00d2N<\/td>\n<td style=\"border-left: none; width: 155pt;\" width=\"206\">4 horas<\/td>\n<\/tr>\n<tr style=\"height: 15pt;\">\n<td style=\"border-top: none; height: 15pt;\" height=\"20\">CERTIFICADO<\/td>\n<td style=\"border-top: none; border-left: none;\">No<\/td>\n<\/tr>\n<tr style=\"height: 15pt;\">\n<td style=\"border-top: none; height: 15pt;\" height=\"20\">EXAMEN FINAL<\/td>\n<td style=\"border-top: none; border-left: none;\">No<\/td>\n<\/tr>\n<tr style=\"height: 15pt;\">\n<td style=\"border-top: none; height: 15pt;\" height=\"20\">PROFESORA<\/td>\n<td style=\"border-top: none; border-left: none;\">Mara Campelo<\/td>\n<\/tr>\n<\/tbody>\n<\/table>\n<p style=\"font-size: 15px; font-style: normal; font-weight: 400;\"><span style=\"font-family: var( --e-global-typography-text-font-family ), Sans-serif;\">&nbsp;<\/span><a style=\"background-color: #ffffff; font-family: var( --e-global-typography-text-font-family ), Sans-serif; font-size: 1rem; font-weight: var( --e-global-typography-text-font-weight );\" href=\"https:\/\/docs.google.com\/forms\/d\/e\/1FAIpQLSeAZ5MpHQtoh0rGUSOIwXDdR-7Mc8d7zXnw07hEeHBmNcGu7w\/viewform\" target=\"_blank\" rel=\"noopener\">SOLICITAR M\u00c1S INFORMACI\u00d3N<\/a><\/p>\t\t\t\t\t\t\t\t<\/div>\n\t\t\t\t<\/div>\n\t\t\t\t\t<\/div>\n\t\t<\/div>\n\t\t\t\t\t<\/div>\n\t\t<\/section>\n\t\t\t\t<\/div>\n\t\t","protected":false},"excerpt":{"rendered":"<p>Taller de Automaquillaje Nuestros talleres de automaquillaje son jornadas especiales entre mujeres, donde compartimos conocimientos de cuidados de la piel y automaquillaje para principiantes, buenas vibras y una merienda deliciosa. Esta actividad est\u00e1 pensada para que las asistentes aprendan a identificar los productos indicados para su tipo de piel, y as\u00ed lograr un maquillaje r\u00e1pido, [&hellip;]<\/p>\n","protected":false},"author":1,"featured_media":0,"parent":0,"menu_order":0,"comment_status":"closed","ping_status":"closed","template":"elementor_canvas","meta":{"om_disable_all_campaigns":false,"_monsterinsights_skip_tracking":false,"_monsterinsights_sitenote_active":false,"_monsterinsights_sitenote_note":"","_monsterinsights_sitenote_category":0,"site-sidebar-layout":"no-sidebar","site-content-layout":"page-builder","ast-site-content-layout":"","site-content-style":"default","site-sidebar-style":"default","ast-global-header-display":"","ast-banner-title-visibility":"","ast-main-header-display":"","ast-hfb-above-header-display":"","ast-hfb-below-header-display":"","ast-hfb-mobile-header-display":"","site-post-title":"disabled","ast-breadcrumbs-content":"","ast-featured-img":"disabled","footer-sml-layout":"","theme-transparent-header-meta":"","adv-header-id-meta":"","stick-header-meta":"","header-above-stick-meta":"","header-main-stick-meta":"","header-below-stick-meta":"","astra-migrate-meta-layouts":"default","ast-page-background-enabled":"default","ast-page-background-meta":{"desktop":{"background-color":"var(--ast-global-color-4)","background-image":"","background-repeat":"repeat","background-position":"center center","background-size":"auto","background-attachment":"scroll","background-type":"","background-media":"","overlay-type":"","overlay-color":"","overlay-opacity":"","overlay-gradient":""},"tablet":{"background-color":"","background-image":"","background-repeat":"repeat","background-position":"center center","background-size":"auto","background-attachment":"scroll","background-type":"","background-media":"","overlay-type":"","overlay-color":"","overlay-opacity":"","overlay-gradient":""},"mobile":{"background-color":"","background-image":"","background-repeat":"repeat","background-position":"center center","background-size":"auto","background-attachment":"scroll","background-type":"","background-media":"","overlay-type":"","overlay-color":"","overlay-opacity":"","overlay-gradient":""}},"ast-content-background-meta":{"desktop":{"background-color":"var(--ast-global-color-5)","background-image":"","background-repeat":"repeat","background-position":"center center","background-size":"auto","background-attachment":"scroll","background-type":"","background-media":"","overlay-type":"","overlay-color":"","overlay-opacity":"","overlay-gradient":""},"tablet":{"background-color":"var(--ast-global-color-5)","background-image":"","background-repeat":"repeat","background-position":"center center","background-size":"auto","background-attachment":"scroll","background-type":"","background-media":"","overlay-type":"","overlay-color":"","overlay-opacity":"","overlay-gradient":""},"mobile":{"background-color":"var(--ast-global-color-5)","background-image":"","background-repeat":"repeat","background-position":"center center","background-size":"auto","background-attachment":"scroll","background-type":"","background-media":"","overlay-type":"","overlay-color":"","overlay-opacity":"","overlay-gradient":""}},"footnotes":""},"class_list":["post-436","page","type-page","status-publish","hentry"],"aioseo_notices":[],"_links":{"self":[{"href":"https:\/\/vickyramosortiz.com\/index.php?rest_route=\/wp\/v2\/pages\/436","targetHints":{"allow":["GET"]}}],"collection":[{"href":"https:\/\/vickyramosortiz.com\/index.php?rest_route=\/wp\/v2\/pages"}],"about":[{"href":"https:\/\/vickyramosortiz.com\/index.php?rest_route=\/wp\/v2\/types\/page"}],"author":[{"embeddable":true,"href":"https:\/\/vickyramosortiz.com\/index.php?rest_route=\/wp\/v2\/users\/1"}],"replies":[{"embeddable":true,"href":"https:\/\/vickyramosortiz.com\/index.php?rest_route=%2Fwp%2Fv2%2Fcomments&post=436"}],"version-history":[{"count":11,"href":"https:\/\/vickyramosortiz.com\/index.php?rest_route=\/wp\/v2\/pages\/436\/revisions"}],"predecessor-version":[{"id":457,"href":"https:\/\/vickyramosortiz.com\/index.php?rest_route=\/wp\/v2\/pages\/436\/revisions\/457"}],"wp:attachment":[{"href":"https:\/\/vickyramosortiz.com\/index.php?rest_route=%2Fwp%2Fv2%2Fmedia&parent=436"}],"curies":[{"name":"wp","href":"https:\/\/api.w.org\/{rel}","templated":true}]}}