{"id":251,"date":"2022-12-30T20:50:53","date_gmt":"2022-12-30T20:50:53","guid":{"rendered":"https:\/\/vickyramosortiz.com\/?page_id=251"},"modified":"2024-05-21T01:50:04","modified_gmt":"2024-05-21T01:50:04","slug":"modelaje-profesional","status":"publish","type":"page","link":"https:\/\/vickyramosortiz.com\/?page_id=251","title":{"rendered":"Modelaje Profesional"},"content":{"rendered":"\t\t<div data-elementor-type=\"wp-page\" data-elementor-id=\"251\" class=\"elementor elementor-251\" data-elementor-post-type=\"page\">\n\t\t\t\t\t\t<section class=\"elementor-section elementor-top-section elementor-element elementor-element-915284f elementor-section-boxed elementor-section-height-default elementor-section-height-default\" data-id=\"915284f\" data-element_type=\"section\" data-e-type=\"section\">\n\t\t\t\t\t\t<div class=\"elementor-container elementor-column-gap-default\">\n\t\t\t\t\t<div class=\"elementor-column elementor-col-100 elementor-top-column elementor-element elementor-element-ccd3525\" data-id=\"ccd3525\" data-element_type=\"column\" data-e-type=\"column\">\n\t\t\t<div class=\"elementor-widget-wrap elementor-element-populated\">\n\t\t\t\t\t\t<div class=\"elementor-element elementor-element-b7c9f72 elementor-widget elementor-widget-image\" data-id=\"b7c9f72\" data-element_type=\"widget\" data-e-type=\"widget\" data-widget_type=\"image.default\">\n\t\t\t\t<div class=\"elementor-widget-container\">\n\t\t\t\t\t\t\t\t\t\t\t\t\t\t\t<img fetchpriority=\"high\" decoding=\"async\" width=\"1024\" height=\"683\" src=\"https:\/\/vickyramosortiz.com\/wp-content\/uploads\/2024\/05\/MG_8170-1024x683.jpg\" class=\"attachment-large size-large wp-image-351\" alt=\"MODELAJE PROFESIONAL\" srcset=\"https:\/\/vickyramosortiz.com\/wp-content\/uploads\/2024\/05\/MG_8170-1024x683.jpg 1024w, https:\/\/vickyramosortiz.com\/wp-content\/uploads\/2024\/05\/MG_8170-300x200.jpg 300w, https:\/\/vickyramosortiz.com\/wp-content\/uploads\/2024\/05\/MG_8170-768x512.jpg 768w, https:\/\/vickyramosortiz.com\/wp-content\/uploads\/2024\/05\/MG_8170-1536x1024.jpg 1536w, https:\/\/vickyramosortiz.com\/wp-content\/uploads\/2024\/05\/MG_8170-2048x1365.jpg 2048w\" sizes=\"(max-width: 1024px) 100vw, 1024px\" \/>\t\t\t\t\t\t\t\t\t\t\t\t\t\t\t<\/div>\n\t\t\t\t<\/div>\n\t\t\t\t<div class=\"elementor-element elementor-element-ef34cdd elementor-widget elementor-widget-heading\" data-id=\"ef34cdd\" data-element_type=\"widget\" data-e-type=\"widget\" data-widget_type=\"heading.default\">\n\t\t\t\t<div class=\"elementor-widget-container\">\n\t\t\t\t\t<h2 class=\"elementor-heading-title elementor-size-default\">Cursos de Modelaje Profesional<\/h2>\t\t\t\t<\/div>\n\t\t\t\t<\/div>\n\t\t\t\t<div class=\"elementor-element elementor-element-fca20c8 elementor-widget elementor-widget-text-editor\" data-id=\"fca20c8\" data-element_type=\"widget\" data-e-type=\"widget\" data-widget_type=\"text-editor.default\">\n\t\t\t\t<div class=\"elementor-widget-container\">\n\t\t\t\t\t\t\t\t\t<p>Nuestro curso de modelaje es integral, adem\u00e1s de t\u00e9cnicas de pasarela y poses de fotograf\u00eda,&nbsp;<span style=\"color: var( --e-global-color-text ); font-family: var( --e-global-typography-text-font-family ), Sans-serif; font-weight: var( --e-global-typography-text-font-weight ); background-color: var(--ast-global-color-5); font-size: 1rem;\">aprender\u00e1n&nbsp;<\/span><span style=\"font-style: inherit; font-weight: inherit; color: var( --e-global-color-text ); font-family: var( --e-global-typography-text-font-family ), Sans-serif; background-color: var(--ast-global-color-5);\">cuidados de la piel y del cabello, automaquillaje, asesor\u00eda de imagen, clase de casting y acting; entre muchas otras charlas y talleres que ayudar\u00e1n a sacar el m\u00e1ximo potencial de cada alumno.&nbsp;<\/span><\/p>\n<p>M\u00e1s all\u00e1 del modelaje, este curso prepara a las personas para insertarse en la vida social y profesional, con herramientas para crear una buena primera impresi\u00f3n.&nbsp;<\/p>\n<p>Al finalizar el curso se lleva a cabo un book de fotos profesional que ser\u00e1n la carta de presentaci\u00f3n del nuevo modelo, y se hace entrega del certificado de Modelaje Profesional en el Desfile de Graduaci\u00f3n de fin de a\u00f1o.<\/p>\n<table style=\"border-collapse: collapse; width: 247pt;\" border=\"0\" width=\"328\" cellspacing=\"0\" cellpadding=\"0\">\n<tbody>\n<tr style=\"height: 15pt;\">\n<td style=\"height: 15pt; width: 92pt;\" width=\"122\" height=\"20\">DURACI\u00d2N<\/td>\n<td style=\"border-left: none; width: 155pt;\" width=\"206\">9 meses<\/td>\n<\/tr>\n<tr style=\"height: 15pt;\">\n<td style=\"border-top: none; height: 15pt;\" height=\"20\">FRECUENCIA<\/td>\n<td style=\"border-top: none; border-left: none;\">Semanal<\/td>\n<\/tr>\n<tr style=\"height: 15pt;\">\n<td style=\"border-top: none; height: 15pt;\" height=\"20\">CERTIFICADO<\/td>\n<td style=\"border-top: none; border-left: none;\">Modelaje Profesional<\/td>\n<\/tr>\n<tr style=\"height: 15pt;\">\n<td style=\"border-top: none; height: 15pt;\" height=\"20\">EXAMEN FINAL<\/td>\n<td style=\"border-top: none; border-left: none;\">S\u00ec<\/td>\n<\/tr>\n<\/tbody>\n<\/table>\n<p>Luego de un primer a\u00f1o, el alumno tendr\u00e1 la posibilidad de seguir especializ\u00e1ndose en el modelaje en un curso de nivel avanzado, donde se perfeccionar\u00e1n en pasarela, imagen personal, automaquillaje, protocolo, fotograf\u00eda y actuaci\u00f3n. En este curso se realizar\u00e1n sesiones de fotos de car\u00e1cter editorial, que a\u00f1adir\u00e1n a su book de fotos inicial.&nbsp;<\/p>\n<p><span style=\"font-style: inherit; font-weight: inherit; color: var( --e-global-color-text ); font-family: var( --e-global-typography-text-font-family ), Sans-serif; background-color: var(--ast-global-color-5);\">Al aprobar este curso, el alumno recibir\u00e1 un certificado de Modelaje Profesional Avanzado&nbsp;<\/span><span style=\"color: var( --e-global-color-text ); font-family: var( --e-global-typography-text-font-family ), Sans-serif; font-weight: var( --e-global-typography-text-font-weight ); background-color: var(--ast-global-color-5); font-size: 1rem;\">en el Desfile de Graduaci\u00f3n de fin de a\u00f1o.<\/span><\/p>\n<table style=\"border-collapse: collapse; width: 247pt;\" border=\"0\" width=\"328\" cellspacing=\"0\" cellpadding=\"0\">\n<tbody>\n<tr style=\"height: 15pt;\">\n<td style=\"height: 15pt; width: 92pt;\" width=\"122\" height=\"20\">DURACI\u00d2N<\/td>\n<td style=\"border-left: none; width: 155pt;\" width=\"206\">9 meses<\/td>\n<\/tr>\n<tr style=\"height: 15pt;\">\n<td style=\"border-top: none; height: 15pt;\" height=\"20\">FRECUENCIA<\/td>\n<td style=\"border-top: none; border-left: none;\">Semanal<\/td>\n<\/tr>\n<tr style=\"height: 15pt;\">\n<td style=\"border-top: none; height: 15pt;\" height=\"20\">CERTIFICADO<\/td>\n<td style=\"border-top: none; border-left: none;\">Modelaje Profesional Avanzado<\/td>\n<\/tr>\n<tr style=\"height: 15pt;\">\n<td style=\"border-top: none; height: 15pt;\" height=\"20\">EXAMEN FINAL<\/td>\n<td style=\"border-top: none; border-left: none;\">S\u00ec<\/td>\n<\/tr>\n<\/tbody>\n<\/table>\n<p>Profesora: Virginia Ramos<\/p>\n<p><font face=\"var( --e-global-typography-text-font-family ), Sans-serif\"><span style=\"font-weight: var( --e-global-typography-text-font-weight ); font-size: 1rem;\">&nbsp;<\/span><\/font><a href=\"https:\/\/docs.google.com\/forms\/d\/e\/1FAIpQLSeAZ5MpHQtoh0rGUSOIwXDdR-7Mc8d7zXnw07hEeHBmNcGu7w\/viewform\" target=\"_blank\" style=\"font-family: var( --e-global-typography-text-font-family ), Sans-serif; font-weight: var( --e-global-typography-text-font-weight ); font-size: 1rem;\">SOLICITAR M\u00c1S INFORMACI\u00d3N<\/a><\/p>\t\t\t\t\t\t\t\t<\/div>\n\t\t\t\t<\/div>\n\t\t\t\t\t<\/div>\n\t\t<\/div>\n\t\t\t\t\t<\/div>\n\t\t<\/section>\n\t\t\t\t<\/div>\n\t\t","protected":false},"excerpt":{"rendered":"<p>Cursos de Modelaje Profesional Nuestro curso de modelaje es integral, adem\u00e1s de t\u00e9cnicas de pasarela y poses de fotograf\u00eda,&nbsp;aprender\u00e1n&nbsp;cuidados de la piel y del cabello, automaquillaje, asesor\u00eda de imagen, clase de casting y acting; entre muchas otras charlas y talleres que ayudar\u00e1n a sacar el m\u00e1ximo potencial de cada alumno.&nbsp; M\u00e1s all\u00e1 del modelaje, este [&hellip;]<\/p>\n","protected":false},"author":1,"featured_media":0,"parent":0,"menu_order":0,"comment_status":"closed","ping_status":"closed","template":"elementor_canvas","meta":{"om_disable_all_campaigns":false,"_monsterinsights_skip_tracking":false,"_monsterinsights_sitenote_active":false,"_monsterinsights_sitenote_note":"","_monsterinsights_sitenote_category":0,"site-sidebar-layout":"no-sidebar","site-content-layout":"page-builder","ast-site-content-layout":"","site-content-style":"default","site-sidebar-style":"default","ast-global-header-display":"","ast-banner-title-visibility":"","ast-main-header-display":"","ast-hfb-above-header-display":"","ast-hfb-below-header-display":"","ast-hfb-mobile-header-display":"","site-post-title":"disabled","ast-breadcrumbs-content":"","ast-featured-img":"disabled","footer-sml-layout":"","theme-transparent-header-meta":"","adv-header-id-meta":"","stick-header-meta":"","header-above-stick-meta":"","header-main-stick-meta":"","header-below-stick-meta":"","astra-migrate-meta-layouts":"default","ast-page-background-enabled":"default","ast-page-background-meta":{"desktop":{"background-color":"var(--ast-global-color-4)","background-image":"","background-repeat":"repeat","background-position":"center center","background-size":"auto","background-attachment":"scroll","background-type":"","background-media":"","overlay-type":"","overlay-color":"","overlay-opacity":"","overlay-gradient":""},"tablet":{"background-color":"","background-image":"","background-repeat":"repeat","background-position":"center center","background-size":"auto","background-attachment":"scroll","background-type":"","background-media":"","overlay-type":"","overlay-color":"","overlay-opacity":"","overlay-gradient":""},"mobile":{"background-color":"","background-image":"","background-repeat":"repeat","background-position":"center center","background-size":"auto","background-attachment":"scroll","background-type":"","background-media":"","overlay-type":"","overlay-color":"","overlay-opacity":"","overlay-gradient":""}},"ast-content-background-meta":{"desktop":{"background-color":"var(--ast-global-color-5)","background-image":"","background-repeat":"repeat","background-position":"center center","background-size":"auto","background-attachment":"scroll","background-type":"","background-media":"","overlay-type":"","overlay-color":"","overlay-opacity":"","overlay-gradient":""},"tablet":{"background-color":"var(--ast-global-color-5)","background-image":"","background-repeat":"repeat","background-position":"center center","background-size":"auto","background-attachment":"scroll","background-type":"","background-media":"","overlay-type":"","overlay-color":"","overlay-opacity":"","overlay-gradient":""},"mobile":{"background-color":"var(--ast-global-color-5)","background-image":"","background-repeat":"repeat","background-position":"center center","background-size":"auto","background-attachment":"scroll","background-type":"","background-media":"","overlay-type":"","overlay-color":"","overlay-opacity":"","overlay-gradient":""}},"footnotes":""},"class_list":["post-251","page","type-page","status-publish","hentry"],"aioseo_notices":[],"_links":{"self":[{"href":"https:\/\/vickyramosortiz.com\/index.php?rest_route=\/wp\/v2\/pages\/251","targetHints":{"allow":["GET"]}}],"collection":[{"href":"https:\/\/vickyramosortiz.com\/index.php?rest_route=\/wp\/v2\/pages"}],"about":[{"href":"https:\/\/vickyramosortiz.com\/index.php?rest_route=\/wp\/v2\/types\/page"}],"author":[{"embeddable":true,"href":"https:\/\/vickyramosortiz.com\/index.php?rest_route=\/wp\/v2\/users\/1"}],"replies":[{"embeddable":true,"href":"https:\/\/vickyramosortiz.com\/index.php?rest_route=%2Fwp%2Fv2%2Fcomments&post=251"}],"version-history":[{"count":23,"href":"https:\/\/vickyramosortiz.com\/index.php?rest_route=\/wp\/v2\/pages\/251\/revisions"}],"predecessor-version":[{"id":412,"href":"https:\/\/vickyramosortiz.com\/index.php?rest_route=\/wp\/v2\/pages\/251\/revisions\/412"}],"wp:attachment":[{"href":"https:\/\/vickyramosortiz.com\/index.php?rest_route=%2Fwp%2Fv2%2Fmedia&parent=251"}],"curies":[{"name":"wp","href":"https:\/\/api.w.org\/{rel}","templated":true}]}}